{"id":1232,"date":"2025-07-17T18:58:13","date_gmt":"2025-07-17T18:58:13","guid":{"rendered":"https:\/\/iworldmagazine.com\/?page_id=1232"},"modified":"2025-07-17T18:58:13","modified_gmt":"2025-07-17T18:58:13","slug":"politica-editorial-e-compliance","status":"publish","type":"page","link":"https:\/\/iworldmagazine.com\/?page_id=1232","title":{"rendered":"Pol\u00edtica Editorial e Compliance"},"content":{"rendered":"<h2>Declara\u00e7\u00e3o de Independ\u00eancia Editorial<\/h2>\n<p>A <strong>iWorld Magazine<\/strong> \u00e9 uma publica\u00e7\u00e3o jornal\u00edstica digital independente, sem afilia\u00e7\u00e3o comercial, patroc\u00ednio ou v\u00ednculo oficial com a Apple Inc. ou qualquer outra empresa mencionada em nosso conte\u00fado. Nossa miss\u00e3o \u00e9 fornecer informa\u00e7\u00e3o de qualidade, an\u00e1lises isentas e conte\u00fado educacional sobre tecnologia.<\/p>\n<h2>Pol\u00edtica de Isen\u00e7\u00e3o Comercial<\/h2>\n<p><strong>N\u00c3O<\/strong> comercializamos produtos ou servi\u00e7os. <strong>N\u00c3O<\/strong> recebemos comiss\u00f5es por vendas ou indica\u00e7\u00f5es. <strong>N\u00c3O<\/strong> mantemos parcerias comerciais com fabricantes. <strong>N\u00c3O<\/strong> aceitamos pagamentos por reviews ou an\u00e1lises.<\/p>\n<p>Todo conte\u00fado \u00e9 produzido de forma independente, com an\u00e1lises baseadas em crit\u00e9rios jornal\u00edsticos, sem influ\u00eancia comercial em nossas avalia\u00e7\u00f5es.<\/p>\n<h2>Compliance de Marcas Registradas<\/h2>\n<p>Apple\u00ae, iPhone\u00ae, iOS\u00ae, iPad\u00ae, Mac\u00ae, macOS\u00ae, watchOS\u00ae, tvOS\u00ae, App Store\u00ae, iTunes\u00ae, Safari\u00ae, Siri\u00ae e outras marcas s\u00e3o propriedade da Apple Inc. Todas as demais marcas mencionadas s\u00e3o propriedade de seus respectivos detentores.<\/p>\n<h2>Pol\u00edtica de Uso de Imagens<\/h2>\n<p>Utilizamos apenas imagens oficiais de divulga\u00e7\u00e3o ou imagens pr\u00f3prias, sempre creditando a fonte. Respeitamos direitos autorais e de propriedade intelectual. O uso de imagens \u00e9 para fins informativos e educacionais, dentro do contexto jornal\u00edstico de fair use.<\/p>\n<h2>Governan\u00e7a Editorial<\/h2>\n<p>Nosso conte\u00fado segue distribui\u00e7\u00e3o editorial balanceada: 50-60% focado no ecossistema Apple\u00ae, 20-25% tecnologia geral, 10-15% intelig\u00eancia artificial e 10-15% produtividade e lifestyle digital.<\/p>\n<h2>Disclaimer Legal<\/h2>\n<p><em>iWorld Magazine \u00e9 uma publica\u00e7\u00e3o jornal\u00edstica independente e n\u00e3o possui afilia\u00e7\u00e3o oficial com a Apple Inc. ou qualquer outra empresa mencionada. Apple\u00ae, iPhone\u00ae, iOS\u00ae, iPad\u00ae, Mac\u00ae, macOS\u00ae e outras marcas s\u00e3o propriedade de seus respectivos detentores. Todo conte\u00fado \u00e9 produzido de forma independente para fins informativos e educacionais, sem finalidade comercial.<\/em><\/p>\n","protected":false},"excerpt":{"rendered":"<p>Declara\u00e7\u00e3o de Independ\u00eancia Editorial A iWorld Magazine \u00e9 uma publica\u00e7\u00e3o jornal\u00edstica digital independente, sem afilia\u00e7\u00e3o comercial, patroc\u00ednio ou v\u00ednculo oficial com a Apple Inc. ou qualquer outra empresa mencionada em nosso conte\u00fado. Nossa miss\u00e3o \u00e9 fornecer informa\u00e7\u00e3o de qualidade, an\u00e1lises isentas e conte\u00fado educacional sobre tecnologia. Pol\u00edtica de Isen\u00e7\u00e3o Comercial N\u00c3O comercializamos produtos ou servi\u00e7os. [&hellip;]<\/p>\n","protected":false},"author":2,"featured_media":0,"parent":0,"menu_order":0,"comment_status":"closed","ping_status":"closed","template":"","meta":{"_acf_changed":false,"footnotes":""},"tags":[],"class_list":["post-1232","page","type-page","status-publish","hentry"],"acf":[],"yoast_head":"<!-- This site is optimized with the Yoast SEO plugin v25.5 - https:\/\/yoast.com\/wordpress\/plugins\/seo\/ -->\n<title>Pol\u00edtica Editorial e Compliance - iWorld Magazine<\/title>\n<meta name=\"robots\" content=\"index, follow, max-snippet:-1, max-image-preview:large, max-video-preview:-1\" \/>\n<link rel=\"canonical\" href=\"https:\/\/iworldmagazine.com\/?page_id=1232\" \/>\n<meta property=\"og:locale\" content=\"pt_PT\" \/>\n<meta property=\"og:type\" content=\"article\" \/>\n<meta property=\"og:title\" content=\"Pol\u00edtica Editorial e Compliance - iWorld Magazine\" \/>\n<meta property=\"og:description\" content=\"Declara\u00e7\u00e3o de Independ\u00eancia Editorial A iWorld Magazine \u00e9 uma publica\u00e7\u00e3o jornal\u00edstica digital independente, sem afilia\u00e7\u00e3o comercial, patroc\u00ednio ou v\u00ednculo oficial com a Apple Inc. ou qualquer outra empresa mencionada em nosso conte\u00fado. Nossa miss\u00e3o \u00e9 fornecer informa\u00e7\u00e3o de qualidade, an\u00e1lises isentas e conte\u00fado educacional sobre tecnologia. Pol\u00edtica de Isen\u00e7\u00e3o Comercial N\u00c3O comercializamos produtos ou servi\u00e7os. [&hellip;]\" \/>\n<meta property=\"og:url\" content=\"https:\/\/iworldmagazine.com\/?page_id=1232\" \/>\n<meta property=\"og:site_name\" content=\"iWorld Magazine\" \/>\n<meta name=\"twitter:card\" content=\"summary_large_image\" \/>\n<meta name=\"twitter:label1\" content=\"Tempo estimado de leitura\" \/>\n\t<meta name=\"twitter:data1\" content=\"1 minuto\" \/>\n<script type=\"application\/ld+json\" class=\"yoast-schema-graph\">{\"@context\":\"https:\/\/schema.org\",\"@graph\":[{\"@type\":\"WebPage\",\"@id\":\"https:\/\/iworldmagazine.com\/?page_id=1232\",\"url\":\"https:\/\/iworldmagazine.com\/?page_id=1232\",\"name\":\"Pol\u00edtica Editorial e Compliance - iWorld Magazine\",\"isPartOf\":{\"@id\":\"https:\/\/iworldmagazine.com\/#website\"},\"datePublished\":\"2025-07-17T18:58:13+00:00\",\"breadcrumb\":{\"@id\":\"https:\/\/iworldmagazine.com\/?page_id=1232#breadcrumb\"},\"inLanguage\":\"pt-PT\",\"potentialAction\":[{\"@type\":\"ReadAction\",\"target\":[\"https:\/\/iworldmagazine.com\/?page_id=1232\"]}]},{\"@type\":\"BreadcrumbList\",\"@id\":\"https:\/\/iworldmagazine.com\/?page_id=1232#breadcrumb\",\"itemListElement\":[{\"@type\":\"ListItem\",\"position\":1,\"name\":\"Home\",\"item\":\"https:\/\/iworldmagazine.com\/\"},{\"@type\":\"ListItem\",\"position\":2,\"name\":\"Pol\u00edtica Editorial e Compliance\"}]},{\"@type\":\"WebSite\",\"@id\":\"https:\/\/iworldmagazine.com\/#website\",\"url\":\"https:\/\/iworldmagazine.com\/\",\"name\":\"iWorld Magazine\",\"description\":\"\",\"potentialAction\":[{\"@type\":\"SearchAction\",\"target\":{\"@type\":\"EntryPoint\",\"urlTemplate\":\"https:\/\/iworldmagazine.com\/?s={search_term_string}\"},\"query-input\":{\"@type\":\"PropertyValueSpecification\",\"valueRequired\":true,\"valueName\":\"search_term_string\"}}],\"inLanguage\":\"pt-PT\"}]}<\/script>\n<!-- \/ Yoast SEO plugin. -->","yoast_head_json":{"title":"Pol\u00edtica Editorial e Compliance - iWorld Magazine","robots":{"index":"index","follow":"follow","max-snippet":"max-snippet:-1","max-image-preview":"max-image-preview:large","max-video-preview":"max-video-preview:-1"},"canonical":"https:\/\/iworldmagazine.com\/?page_id=1232","og_locale":"pt_PT","og_type":"article","og_title":"Pol\u00edtica Editorial e Compliance - iWorld Magazine","og_description":"Declara\u00e7\u00e3o de Independ\u00eancia Editorial A iWorld Magazine \u00e9 uma publica\u00e7\u00e3o jornal\u00edstica digital independente, sem afilia\u00e7\u00e3o comercial, patroc\u00ednio ou v\u00ednculo oficial com a Apple Inc. ou qualquer outra empresa mencionada em nosso conte\u00fado. Nossa miss\u00e3o \u00e9 fornecer informa\u00e7\u00e3o de qualidade, an\u00e1lises isentas e conte\u00fado educacional sobre tecnologia. Pol\u00edtica de Isen\u00e7\u00e3o Comercial N\u00c3O comercializamos produtos ou servi\u00e7os. [&hellip;]","og_url":"https:\/\/iworldmagazine.com\/?page_id=1232","og_site_name":"iWorld Magazine","twitter_card":"summary_large_image","twitter_misc":{"Tempo estimado de leitura":"1 minuto"},"schema":{"@context":"https:\/\/schema.org","@graph":[{"@type":"WebPage","@id":"https:\/\/iworldmagazine.com\/?page_id=1232","url":"https:\/\/iworldmagazine.com\/?page_id=1232","name":"Pol\u00edtica Editorial e Compliance - iWorld Magazine","isPartOf":{"@id":"https:\/\/iworldmagazine.com\/#website"},"datePublished":"2025-07-17T18:58:13+00:00","breadcrumb":{"@id":"https:\/\/iworldmagazine.com\/?page_id=1232#breadcrumb"},"inLanguage":"pt-PT","potentialAction":[{"@type":"ReadAction","target":["https:\/\/iworldmagazine.com\/?page_id=1232"]}]},{"@type":"BreadcrumbList","@id":"https:\/\/iworldmagazine.com\/?page_id=1232#breadcrumb","itemListElement":[{"@type":"ListItem","position":1,"name":"Home","item":"https:\/\/iworldmagazine.com\/"},{"@type":"ListItem","position":2,"name":"Pol\u00edtica Editorial e Compliance"}]},{"@type":"WebSite","@id":"https:\/\/iworldmagazine.com\/#website","url":"https:\/\/iworldmagazine.com\/","name":"iWorld Magazine","description":"","potentialAction":[{"@type":"SearchAction","target":{"@type":"EntryPoint","urlTemplate":"https:\/\/iworldmagazine.com\/?s={search_term_string}"},"query-input":{"@type":"PropertyValueSpecification","valueRequired":true,"valueName":"search_term_string"}}],"inLanguage":"pt-PT"}]}},"_links":{"self":[{"href":"https:\/\/iworldmagazine.com\/index.php?rest_route=\/wp\/v2\/pages\/1232","targetHints":{"allow":["GET"]}}],"collection":[{"href":"https:\/\/iworldmagazine.com\/index.php?rest_route=\/wp\/v2\/pages"}],"about":[{"href":"https:\/\/iworldmagazine.com\/index.php?rest_route=\/wp\/v2\/types\/page"}],"author":[{"embeddable":true,"href":"https:\/\/iworldmagazine.com\/index.php?rest_route=\/wp\/v2\/users\/2"}],"replies":[{"embeddable":true,"href":"https:\/\/iworldmagazine.com\/index.php?rest_route=%2Fwp%2Fv2%2Fcomments&post=1232"}],"version-history":[{"count":1,"href":"https:\/\/iworldmagazine.com\/index.php?rest_route=\/wp\/v2\/pages\/1232\/revisions"}],"predecessor-version":[{"id":1235,"href":"https:\/\/iworldmagazine.com\/index.php?rest_route=\/wp\/v2\/pages\/1232\/revisions\/1235"}],"wp:attachment":[{"href":"https:\/\/iworldmagazine.com\/index.php?rest_route=%2Fwp%2Fv2%2Fmedia&parent=1232"}],"wp:term":[{"taxonomy":"post_tag","embeddable":true,"href":"https:\/\/iworldmagazine.com\/index.php?rest_route=%2Fwp%2Fv2%2Ftags&post=1232"}],"curies":[{"name":"wp","href":"https:\/\/api.w.org\/{rel}","templated":true}]}}